{"id":5,"date":"2024-09-15T13:17:18","date_gmt":"2024-09-15T13:17:18","guid":{"rendered":"https:\/\/ariellaboratoire.com\/?page_id=5"},"modified":"2025-01-24T07:59:18","modified_gmt":"2025-01-24T07:59:18","slug":"accueil","status":"publish","type":"page","link":"https:\/\/ariellaboratoire.com\/","title":{"rendered":"Accueil"},"content":{"rendered":"\t\t<div data-elementor-type=\"wp-page\" data-elementor-id=\"5\" class=\"elementor elementor-5\">\n\t\t\t\t<div class=\"wpr-jarallax elementor-element elementor-element-82d99dc wpr-jarallax-yes e-flex e-con-boxed wpr-particle-no wpr-parallax-no wpr-sticky-section-no e-con e-parent\" speed-data=\"1.4\" bg-image=\"\" scroll-effect=\"scroll\" data-id=\"82d99dc\" data-element_type=\"container\" data-settings=\"{&quot;background_background&quot;:&quot;classic&quot;}\">\n\t\t\t\t\t<div class=\"e-con-inner\">\n\t\t\t\t<div class=\"elementor-element elementor-element-03d0c7a elementor-widget elementor-widget-n-accordion\" data-id=\"03d0c7a\" data-element_type=\"widget\" data-settings=\"{&quot;default_state&quot;:&quot;all_collapsed&quot;,&quot;max_items_expended&quot;:&quot;one&quot;,&quot;n_accordion_animation_duration&quot;:{&quot;unit&quot;:&quot;ms&quot;,&quot;size&quot;:400,&quot;sizes&quot;:[]}}\" data-widget_type=\"nested-accordion.default\">\n\t\t\t\t<div class=\"elementor-widget-container\">\n\t\t\t\t\t\t\t<div class=\"e-n-accordion\" aria-label=\"Accordion. Open links with Enter or Space, close with Escape, and navigate with Arrow Keys\">\n\t\t\t\t\t\t<details id=\"e-n-accordion-item-4000\" class=\"e-n-accordion-item\" >\n\t\t\t\t<summary class=\"e-n-accordion-item-title\" data-accordion-index=\"1\" tabindex=\"0\" aria-expanded=\"false\" aria-controls=\"e-n-accordion-item-4000\" >\n\t\t\t\t\t<span class='e-n-accordion-item-title-header'><div class=\"e-n-accordion-item-title-text\"> NOTRE HISTOIRE <\/div><\/span>\n\t\t\t\t\t\t\t<span class='e-n-accordion-item-title-icon'>\n\t\t\t<span class='e-opened' ><svg xmlns=\"http:\/\/www.w3.org\/2000\/svg\" fill=\"#ffffff\" width=\"24px\" height=\"24px\" viewBox=\"0 0 32 32\" stroke=\"#ffffff\"><g id=\"SVGRepo_bgCarrier\" stroke-width=\"0\"><\/g><g id=\"SVGRepo_tracerCarrier\" stroke-linecap=\"round\" stroke-linejoin=\"round\"><\/g><g id=\"SVGRepo_iconCarrier\"><path d=\"M16 0c8.844 0 16 7.156 16 16s-7.156 16-16 16-16-7.156-16-16 7.156-16 16-16zM16 30.031c7.719 0 14-6.313 14-14.031s-6.281-14-14-14-14 6.281-14 14 6.281 14.031 14 14.031zM14.906 17h-5.906c-0.563 0-1-0.438-1-1s0.438-1 1-1h14c0.563 0 1 0.438 1 1s-0.438 1-1 1h-8.094z\"><\/path><\/g><\/svg><\/span>\n\t\t\t<span class='e-closed'><svg xmlns=\"http:\/\/www.w3.org\/2000\/svg\" xmlns:xlink=\"http:\/\/www.w3.org\/1999\/xlink\" xmlns:sketch=\"http:\/\/www.bohemiancoding.com\/sketch\/ns\" width=\"24px\" height=\"24px\" viewBox=\"0 0 32 32\" fill=\"#000000\"><g id=\"SVGRepo_bgCarrier\" stroke-width=\"0\"><\/g><g id=\"SVGRepo_tracerCarrier\" stroke-linecap=\"round\" stroke-linejoin=\"round\"><\/g><g id=\"SVGRepo_iconCarrier\"><title>plus-circle<\/title><desc>Created with Sketch Beta.<\/desc><defs> <\/defs><g id=\"Page-1\" stroke=\"none\" stroke-width=\"1\" fill=\"none\" fill-rule=\"evenodd\" sketch:type=\"MSPage\"><g id=\"Icon-Set\" sketch:type=\"MSLayerGroup\" transform=\"translate(-464.000000, -1087.000000)\" fill=\"#ffffff\"><path d=\"M480,1117 C472.268,1117 466,1110.73 466,1103 C466,1095.27 472.268,1089 480,1089 C487.732,1089 494,1095.27 494,1103 C494,1110.73 487.732,1117 480,1117 L480,1117 Z M480,1087 C471.163,1087 464,1094.16 464,1103 C464,1111.84 471.163,1119 480,1119 C488.837,1119 496,1111.84 496,1103 C496,1094.16 488.837,1087 480,1087 L480,1087 Z M486,1102 L481,1102 L481,1097 C481,1096.45 480.553,1096 480,1096 C479.447,1096 479,1096.45 479,1097 L479,1102 L474,1102 C473.447,1102 473,1102.45 473,1103 C473,1103.55 473.447,1104 474,1104 L479,1104 L479,1109 C479,1109.55 479.447,1110 480,1110 C480.553,1110 481,1109.55 481,1109 L481,1104 L486,1104 C486.553,1104 487,1103.55 487,1103 C487,1102.45 486.553,1102 486,1102 L486,1102 Z\" id=\"plus-circle\" sketch:type=\"MSShapeGroup\"> <\/path><\/g><\/g><\/g><\/svg><\/span>\n\t\t<\/span>\n\n\t\t\t\t\t\t<\/summary>\n\t\t\t\t<div role=\"region\" aria-labelledby=\"e-n-accordion-item-4000\" class=\"elementor-element elementor-element-6c1b68e e-con-full e-flex wpr-particle-no wpr-jarallax-no wpr-parallax-no wpr-sticky-section-no e-con e-child\" data-id=\"6c1b68e\" data-element_type=\"container\">\n\t\t\t\t<div class=\"elementor-element elementor-element-2132259 elementor-widget elementor-widget-text-editor\" data-id=\"2132259\" data-element_type=\"widget\" data-widget_type=\"text-editor.default\">\n\t\t\t\t<div class=\"elementor-widget-container\">\n\t\t\t\t\t\t\t\t\t<p>D\u00e9couvrez Ariel Laboratoire, un laboratoire de proth\u00e8ses dentaires situ\u00e9 \u00e0 Netanya,<br \/>Isra\u00ebl, sp\u00e9cialis\u00e9 dans des prestations de haute qualit\u00e9. Gr\u00e2ce \u00e0 un savoir-faire reconnu<br \/>et \u00e0 l\u2019utilisation des derni\u00e8res technologies en proth\u00e8se dentaire, Ariel Laboratoire<br \/>garantit des solutions innovantes et durables pour chaque patient.<\/p>\t\t\t\t\t\t\t\t<\/div>\n\t\t\t\t<\/div>\n\t\t\t\t<\/div>\n\t\t\t\t\t<\/details>\n\t\t\t\t\t<\/div>\n\t\t\t\t\t\t<\/div>\n\t\t\t\t<\/div>\n\t\t\t\t<div class=\"elementor-element elementor-element-c3b2dcf elementor-align-center animated-slow elementor-invisible elementor-widget elementor-widget-button\" data-id=\"c3b2dcf\" data-element_type=\"widget\" data-settings=\"{&quot;_animation&quot;:&quot;fadeInUp&quot;}\" data-widget_type=\"button.default\">\n\t\t\t\t<div class=\"elementor-widget-container\">\n\t\t\t\t\t\t\t\t\t<div class=\"elementor-button-wrapper\">\n\t\t\t\t\t<a class=\"elementor-button elementor-button-link elementor-size-sm\" href=\"https:\/\/ariellaboratoire.com\/?page_id=33\">\n\t\t\t\t\t\t<span class=\"elementor-button-content-wrapper\">\n\t\t\t\t\t\t\t\t\t<span class=\"elementor-button-text\">D\u00e9couvrir<\/span>\n\t\t\t\t\t<\/span>\n\t\t\t\t\t<\/a>\n\t\t\t\t<\/div>\n\t\t\t\t\t\t\t\t<\/div>\n\t\t\t\t<\/div>\n\t\t\t\t\t<\/div>\n\t\t\t\t<\/div>\n\t\t<div class=\"wpr-jarallax elementor-element elementor-element-64b3f1c wpr-jarallax-yes e-flex e-con-boxed wpr-particle-no wpr-sticky-section-no e-con e-parent\" speed-data=\"1.4\" bg-image=\"https:\/\/ariellaboratoire.com\/wp-content\/uploads\/2024\/09\/retouche3-e1726596213184.jpg\" scroll-effect=\"scroll\" data-id=\"64b3f1c\" data-element_type=\"container\">\n\t\t\t\t\t<div class=\"e-con-inner\">\n\t\t\t\t<div class=\"elementor-element elementor-element-061c005 elementor-widget elementor-widget-n-accordion\" data-id=\"061c005\" data-element_type=\"widget\" data-settings=\"{&quot;default_state&quot;:&quot;all_collapsed&quot;,&quot;max_items_expended&quot;:&quot;one&quot;,&quot;n_accordion_animation_duration&quot;:{&quot;unit&quot;:&quot;ms&quot;,&quot;size&quot;:400,&quot;sizes&quot;:[]}}\" data-widget_type=\"nested-accordion.default\">\n\t\t\t\t<div class=\"elementor-widget-container\">\n\t\t\t\t\t\t\t<div class=\"e-n-accordion\" aria-label=\"Accordion. Open links with Enter or Space, close with Escape, and navigate with Arrow Keys\">\n\t\t\t\t\t\t<details id=\"e-n-accordion-item-6400\" class=\"e-n-accordion-item\" >\n\t\t\t\t<summary class=\"e-n-accordion-item-title\" data-accordion-index=\"1\" tabindex=\"0\" aria-expanded=\"false\" aria-controls=\"e-n-accordion-item-6400\" >\n\t\t\t\t\t<span class='e-n-accordion-item-title-header'><div class=\"e-n-accordion-item-title-text\"> NOS TALENTS <\/div><\/span>\n\t\t\t\t\t\t\t<span class='e-n-accordion-item-title-icon'>\n\t\t\t<span class='e-opened' ><svg xmlns=\"http:\/\/www.w3.org\/2000\/svg\" fill=\"#ffffff\" width=\"24px\" height=\"24px\" viewBox=\"0 0 32 32\" stroke=\"#ffffff\"><g id=\"SVGRepo_bgCarrier\" stroke-width=\"0\"><\/g><g id=\"SVGRepo_tracerCarrier\" stroke-linecap=\"round\" stroke-linejoin=\"round\"><\/g><g id=\"SVGRepo_iconCarrier\"><path d=\"M16 0c8.844 0 16 7.156 16 16s-7.156 16-16 16-16-7.156-16-16 7.156-16 16-16zM16 30.031c7.719 0 14-6.313 14-14.031s-6.281-14-14-14-14 6.281-14 14 6.281 14.031 14 14.031zM14.906 17h-5.906c-0.563 0-1-0.438-1-1s0.438-1 1-1h14c0.563 0 1 0.438 1 1s-0.438 1-1 1h-8.094z\"><\/path><\/g><\/svg><\/span>\n\t\t\t<span class='e-closed'><svg xmlns=\"http:\/\/www.w3.org\/2000\/svg\" xmlns:xlink=\"http:\/\/www.w3.org\/1999\/xlink\" xmlns:sketch=\"http:\/\/www.bohemiancoding.com\/sketch\/ns\" width=\"24px\" height=\"24px\" viewBox=\"0 0 32 32\" fill=\"#000000\"><g id=\"SVGRepo_bgCarrier\" stroke-width=\"0\"><\/g><g id=\"SVGRepo_tracerCarrier\" stroke-linecap=\"round\" stroke-linejoin=\"round\"><\/g><g id=\"SVGRepo_iconCarrier\"><title>plus-circle<\/title><desc>Created with Sketch Beta.<\/desc><defs> <\/defs><g id=\"Page-1\" stroke=\"none\" stroke-width=\"1\" fill=\"none\" fill-rule=\"evenodd\" sketch:type=\"MSPage\"><g id=\"Icon-Set\" sketch:type=\"MSLayerGroup\" transform=\"translate(-464.000000, -1087.000000)\" fill=\"#ffffff\"><path d=\"M480,1117 C472.268,1117 466,1110.73 466,1103 C466,1095.27 472.268,1089 480,1089 C487.732,1089 494,1095.27 494,1103 C494,1110.73 487.732,1117 480,1117 L480,1117 Z M480,1087 C471.163,1087 464,1094.16 464,1103 C464,1111.84 471.163,1119 480,1119 C488.837,1119 496,1111.84 496,1103 C496,1094.16 488.837,1087 480,1087 L480,1087 Z M486,1102 L481,1102 L481,1097 C481,1096.45 480.553,1096 480,1096 C479.447,1096 479,1096.45 479,1097 L479,1102 L474,1102 C473.447,1102 473,1102.45 473,1103 C473,1103.55 473.447,1104 474,1104 L479,1104 L479,1109 C479,1109.55 479.447,1110 480,1110 C480.553,1110 481,1109.55 481,1109 L481,1104 L486,1104 C486.553,1104 487,1103.55 487,1103 C487,1102.45 486.553,1102 486,1102 L486,1102 Z\" id=\"plus-circle\" sketch:type=\"MSShapeGroup\"> <\/path><\/g><\/g><\/g><\/svg><\/span>\n\t\t<\/span>\n\n\t\t\t\t\t\t<\/summary>\n\t\t\t\t<div role=\"region\" aria-labelledby=\"e-n-accordion-item-6400\" class=\"elementor-element elementor-element-c11c1f9 e-con-full e-flex wpr-particle-no wpr-jarallax-no wpr-parallax-no wpr-sticky-section-no e-con e-child\" data-id=\"c11c1f9\" data-element_type=\"container\">\n\t\t\t\t<div class=\"elementor-element elementor-element-2a7177d elementor-widget elementor-widget-text-editor\" data-id=\"2a7177d\" data-element_type=\"widget\" data-widget_type=\"text-editor.default\">\n\t\t\t\t<div class=\"elementor-widget-container\">\n\t\t\t\t\t\t\t\t\t<p>Toujours \u00e0 la pointe de l&rsquo;innovation, Ariel Laboratoire est \u00e9quip\u00e9 d\u2019une technologie<br \/>3D avanc\u00e9e, de syst\u00e8mes de robotisation assist\u00e9e par ordinateur et des programmes<br \/>les plus r\u00e9cents pour offrir des proth\u00e8ses dentaires d&rsquo;une pr\u00e9cision et qualit\u00e9.<\/p>\t\t\t\t\t\t\t\t<\/div>\n\t\t\t\t<\/div>\n\t\t\t\t<\/div>\n\t\t\t\t\t<\/details>\n\t\t\t\t\t<\/div>\n\t\t\t\t\t\t<\/div>\n\t\t\t\t<\/div>\n\t\t\t\t<div class=\"elementor-element elementor-element-5a286fa elementor-align-center animated-slow elementor-invisible elementor-widget elementor-widget-button\" data-id=\"5a286fa\" data-element_type=\"widget\" data-settings=\"{&quot;_animation&quot;:&quot;fadeInUp&quot;}\" data-widget_type=\"button.default\">\n\t\t\t\t<div class=\"elementor-widget-container\">\n\t\t\t\t\t\t\t\t\t<div class=\"elementor-button-wrapper\">\n\t\t\t\t\t<a class=\"elementor-button elementor-button-link elementor-size-sm\" href=\"https:\/\/ariellaboratoire.com\/?page_id=40\">\n\t\t\t\t\t\t<span class=\"elementor-button-content-wrapper\">\n\t\t\t\t\t\t\t\t\t<span class=\"elementor-button-text\">Decouvrir<\/span>\n\t\t\t\t\t<\/span>\n\t\t\t\t\t<\/a>\n\t\t\t\t<\/div>\n\t\t\t\t\t\t\t\t<\/div>\n\t\t\t\t<\/div>\n\t\t\t\t\t<\/div>\n\t\t\t\t<\/div>\n\t\t<div class=\"wpr-jarallax elementor-element elementor-element-f675601 wpr-jarallax-yes e-flex e-con-boxed wpr-particle-no wpr-parallax-no wpr-sticky-section-no e-con e-parent\" speed-data=\"1.4\" bg-image=\"https:\/\/ariellaboratoire.com\/wp-content\/uploads\/2024\/09\/IMG_0017-e1726596718525.jpg\" scroll-effect=\"scroll\" data-id=\"f675601\" data-element_type=\"container\">\n\t\t\t\t\t<div class=\"e-con-inner\">\n\t\t\t\t<div class=\"elementor-element elementor-element-1d7146d elementor-widget elementor-widget-n-accordion\" data-id=\"1d7146d\" data-element_type=\"widget\" data-settings=\"{&quot;default_state&quot;:&quot;all_collapsed&quot;,&quot;max_items_expended&quot;:&quot;one&quot;,&quot;n_accordion_animation_duration&quot;:{&quot;unit&quot;:&quot;ms&quot;,&quot;size&quot;:400,&quot;sizes&quot;:[]}}\" data-widget_type=\"nested-accordion.default\">\n\t\t\t\t<div class=\"elementor-widget-container\">\n\t\t\t\t\t\t\t<div class=\"e-n-accordion\" aria-label=\"Accordion. Open links with Enter or Space, close with Escape, and navigate with Arrow Keys\">\n\t\t\t\t\t\t<details id=\"e-n-accordion-item-3080\" class=\"e-n-accordion-item\" >\n\t\t\t\t<summary class=\"e-n-accordion-item-title\" data-accordion-index=\"1\" tabindex=\"0\" aria-expanded=\"false\" aria-controls=\"e-n-accordion-item-3080\" >\n\t\t\t\t\t<span class='e-n-accordion-item-title-header'><div class=\"e-n-accordion-item-title-text\"> VOS SOURIRES <\/div><\/span>\n\t\t\t\t\t\t\t<span class='e-n-accordion-item-title-icon'>\n\t\t\t<span class='e-opened' ><svg xmlns=\"http:\/\/www.w3.org\/2000\/svg\" fill=\"#ffffff\" width=\"24px\" height=\"24px\" viewBox=\"0 0 32 32\" stroke=\"#ffffff\"><g id=\"SVGRepo_bgCarrier\" stroke-width=\"0\"><\/g><g id=\"SVGRepo_tracerCarrier\" stroke-linecap=\"round\" stroke-linejoin=\"round\"><\/g><g id=\"SVGRepo_iconCarrier\"><path d=\"M16 0c8.844 0 16 7.156 16 16s-7.156 16-16 16-16-7.156-16-16 7.156-16 16-16zM16 30.031c7.719 0 14-6.313 14-14.031s-6.281-14-14-14-14 6.281-14 14 6.281 14.031 14 14.031zM14.906 17h-5.906c-0.563 0-1-0.438-1-1s0.438-1 1-1h14c0.563 0 1 0.438 1 1s-0.438 1-1 1h-8.094z\"><\/path><\/g><\/svg><\/span>\n\t\t\t<span class='e-closed'><svg xmlns=\"http:\/\/www.w3.org\/2000\/svg\" xmlns:xlink=\"http:\/\/www.w3.org\/1999\/xlink\" xmlns:sketch=\"http:\/\/www.bohemiancoding.com\/sketch\/ns\" width=\"24px\" height=\"24px\" viewBox=\"0 0 32 32\" fill=\"#000000\"><g id=\"SVGRepo_bgCarrier\" stroke-width=\"0\"><\/g><g id=\"SVGRepo_tracerCarrier\" stroke-linecap=\"round\" stroke-linejoin=\"round\"><\/g><g id=\"SVGRepo_iconCarrier\"><title>plus-circle<\/title><desc>Created with Sketch Beta.<\/desc><defs> <\/defs><g id=\"Page-1\" stroke=\"none\" stroke-width=\"1\" fill=\"none\" fill-rule=\"evenodd\" sketch:type=\"MSPage\"><g id=\"Icon-Set\" sketch:type=\"MSLayerGroup\" transform=\"translate(-464.000000, -1087.000000)\" fill=\"#ffffff\"><path d=\"M480,1117 C472.268,1117 466,1110.73 466,1103 C466,1095.27 472.268,1089 480,1089 C487.732,1089 494,1095.27 494,1103 C494,1110.73 487.732,1117 480,1117 L480,1117 Z M480,1087 C471.163,1087 464,1094.16 464,1103 C464,1111.84 471.163,1119 480,1119 C488.837,1119 496,1111.84 496,1103 C496,1094.16 488.837,1087 480,1087 L480,1087 Z M486,1102 L481,1102 L481,1097 C481,1096.45 480.553,1096 480,1096 C479.447,1096 479,1096.45 479,1097 L479,1102 L474,1102 C473.447,1102 473,1102.45 473,1103 C473,1103.55 473.447,1104 474,1104 L479,1104 L479,1109 C479,1109.55 479.447,1110 480,1110 C480.553,1110 481,1109.55 481,1109 L481,1104 L486,1104 C486.553,1104 487,1103.55 487,1103 C487,1102.45 486.553,1102 486,1102 L486,1102 Z\" id=\"plus-circle\" sketch:type=\"MSShapeGroup\"> <\/path><\/g><\/g><\/g><\/svg><\/span>\n\t\t<\/span>\n\n\t\t\t\t\t\t<\/summary>\n\t\t\t\t<div role=\"region\" aria-labelledby=\"e-n-accordion-item-3080\" class=\"elementor-element elementor-element-529fade e-con-full e-flex wpr-particle-no wpr-jarallax-no wpr-parallax-no wpr-sticky-section-no e-con e-child\" data-id=\"529fade\" data-element_type=\"container\">\n\t\t\t\t<div class=\"elementor-element elementor-element-96a5b3b elementor-widget elementor-widget-text-editor\" data-id=\"96a5b3b\" data-element_type=\"widget\" data-widget_type=\"text-editor.default\">\n\t\t\t\t<div class=\"elementor-widget-container\">\n\t\t\t\t\t\t\t\t\t<p>Chez Ariel Laboratoire, chaque patient est unique et m\u00e9rite des soins d\u2019exception et<br \/>une qualit\u00e9 de service irr\u00e9prochable. D\u00e9couvrez comment nous redonnons le sourire<br \/>\u00e0 nos clients gr\u00e2ce \u00e0 notre expertise en proth\u00e8se dentaire de pointe.<\/p>\t\t\t\t\t\t\t\t<\/div>\n\t\t\t\t<\/div>\n\t\t\t\t<\/div>\n\t\t\t\t\t<\/details>\n\t\t\t\t\t<\/div>\n\t\t\t\t\t\t<\/div>\n\t\t\t\t<\/div>\n\t\t\t\t<div class=\"elementor-element elementor-element-8154b8b elementor-align-center animated-slow elementor-invisible elementor-widget elementor-widget-button\" data-id=\"8154b8b\" data-element_type=\"widget\" data-settings=\"{&quot;_animation&quot;:&quot;fadeInUp&quot;}\" data-widget_type=\"button.default\">\n\t\t\t\t<div class=\"elementor-widget-container\">\n\t\t\t\t\t\t\t\t\t<div class=\"elementor-button-wrapper\">\n\t\t\t\t\t<a class=\"elementor-button elementor-button-link elementor-size-sm\" href=\"https:\/\/ariellaboratoire.com\/?page_id=45\">\n\t\t\t\t\t\t<span class=\"elementor-button-content-wrapper\">\n\t\t\t\t\t\t\t\t\t<span class=\"elementor-button-text\">D\u00e9couvrir<\/span>\n\t\t\t\t\t<\/span>\n\t\t\t\t\t<\/a>\n\t\t\t\t<\/div>\n\t\t\t\t\t\t\t\t<\/div>\n\t\t\t\t<\/div>\n\t\t\t\t\t<\/div>\n\t\t\t\t<\/div>\n\t\t\t\t<\/div>\n\t\t","protected":false},"excerpt":{"rendered":"<p>NOTRE HISTOIRE plus-circleCreated with Sketch Beta. D\u00e9couvrez Ariel Laboratoire, un laboratoire de proth\u00e8ses dentaires situ\u00e9 \u00e0 Netanya,Isra\u00ebl, sp\u00e9cialis\u00e9 dans des prestations de haute qualit\u00e9. Gr\u00e2ce \u00e0 un savoir-faire reconnuet \u00e0 l\u2019utilisation des derni\u00e8res technologies en proth\u00e8se dentaire, Ariel Laboratoiregarantit des solutions innovantes et durables pour chaque patient. D\u00e9couvrez Ariel Laboratoire, un laboratoire de proth\u00e8ses dentaires situ\u00e9 \u00e0 Netanya,Isra\u00ebl, sp\u00e9cialis\u00e9 dans des prestations de haute qualit\u00e9. Gr\u00e2ce \u00e0 un savoir-faire reconnuet \u00e0 l\u2019utilisation des derni\u00e8res technologies en proth\u00e8se dentaire, Ariel Laboratoiregarantit des solutions innovantes et durables pour chaque patient. D\u00e9couvrir NOS TALENTS plus-circleCreated with Sketch Beta. Toujours \u00e0 la pointe de l&rsquo;innovation, Ariel Laboratoire est \u00e9quip\u00e9 d\u2019une technologie3D avanc\u00e9e, de syst\u00e8mes de robotisation assist\u00e9e par ordinateur et des programmesles plus r\u00e9cents pour offrir des proth\u00e8ses dentaires d&rsquo;une pr\u00e9cision et qualit\u00e9. Toujours \u00e0 la pointe de l&rsquo;innovation, Ariel Laboratoire est \u00e9quip\u00e9 d\u2019une technologie3D avanc\u00e9e, de syst\u00e8mes de robotisation assist\u00e9e par ordinateur et des programmesles plus r\u00e9cents pour offrir des proth\u00e8ses dentaires d&rsquo;une pr\u00e9cision et qualit\u00e9. Decouvrir VOS SOURIRES plus-circleCreated with Sketch Beta. Chez Ariel Laboratoire, chaque patient est unique et m\u00e9rite des soins d\u2019exception etune qualit\u00e9 de service irr\u00e9prochable. D\u00e9couvrez comment nous redonnons le sourire\u00e0 nos clients gr\u00e2ce \u00e0 notre expertise en proth\u00e8se dentaire de pointe. Chez Ariel Laboratoire, chaque patient est unique et m\u00e9rite des soins d\u2019exception etune qualit\u00e9 de service irr\u00e9prochable. D\u00e9couvrez comment nous redonnons le sourire\u00e0 nos clients gr\u00e2ce \u00e0 notre expertise en proth\u00e8se dentaire de pointe. D\u00e9couvrir<\/p>\n","protected":false},"author":1,"featured_media":0,"parent":0,"menu_order":0,"comment_status":"closed","ping_status":"closed","template":"elementor_header_footer","meta":{"footnotes":""},"class_list":["post-5","page","type-page","status-publish","hentry"],"_links":{"self":[{"href":"https:\/\/ariellaboratoire.com\/index.php?rest_route=\/wp\/v2\/pages\/5"}],"collection":[{"href":"https:\/\/ariellaboratoire.com\/index.php?rest_route=\/wp\/v2\/pages"}],"about":[{"href":"https:\/\/ariellaboratoire.com\/index.php?rest_route=\/wp\/v2\/types\/page"}],"author":[{"embeddable":true,"href":"https:\/\/ariellaboratoire.com\/index.php?rest_route=\/wp\/v2\/users\/1"}],"replies":[{"embeddable":true,"href":"https:\/\/ariellaboratoire.com\/index.php?rest_route=%2Fwp%2Fv2%2Fcomments&post=5"}],"version-history":[{"count":208,"href":"https:\/\/ariellaboratoire.com\/index.php?rest_route=\/wp\/v2\/pages\/5\/revisions"}],"predecessor-version":[{"id":885,"href":"https:\/\/ariellaboratoire.com\/index.php?rest_route=\/wp\/v2\/pages\/5\/revisions\/885"}],"wp:attachment":[{"href":"https:\/\/ariellaboratoire.com\/index.php?rest_route=%2Fwp%2Fv2%2Fmedia&parent=5"}],"curies":[{"name":"wp","href":"https:\/\/api.w.org\/{rel}","templated":true}]}}