{"id":45,"date":"2024-09-17T21:22:36","date_gmt":"2024-09-17T21:22:36","guid":{"rendered":"https:\/\/ariellaboratoire.com\/?page_id=45"},"modified":"2025-01-05T15:24:05","modified_gmt":"2025-01-05T15:24:05","slug":"vos-sourires","status":"publish","type":"page","link":"https:\/\/ariellaboratoire.com\/?page_id=45","title":{"rendered":"VOS SOURIRES"},"content":{"rendered":"\t\t<div data-elementor-type=\"wp-page\" data-elementor-id=\"45\" class=\"elementor elementor-45\">\n\t\t\t\t<div class=\"elementor-element elementor-element-82d99dc e-flex e-con-boxed wpr-particle-no wpr-jarallax-no wpr-parallax-no wpr-sticky-section-no e-con e-parent\" data-id=\"82d99dc\" data-element_type=\"container\" data-settings=\"{&quot;background_background&quot;:&quot;classic&quot;}\">\n\t\t\t\t\t<div class=\"e-con-inner\">\n\t\t\t\t<div class=\"elementor-element elementor-element-e32deb6 elementor-widget elementor-widget-heading\" data-id=\"e32deb6\" data-element_type=\"widget\" data-widget_type=\"heading.default\">\n\t\t\t\t<div class=\"elementor-widget-container\">\n\t\t\t\t\t<h2 class=\"elementor-heading-title elementor-size-default\">VOS SOURIRES<\/h2>\t\t\t\t<\/div>\n\t\t\t\t<\/div>\n\t\t\t\t<div class=\"elementor-element elementor-element-2132259 elementor-widget elementor-widget-text-editor\" data-id=\"2132259\" data-element_type=\"widget\" data-widget_type=\"text-editor.default\">\n\t\t\t\t<div class=\"elementor-widget-container\">\n\t\t\t\t\t\t\t\t\t<p>Chez Ariel Laboratoire, chaque patient est unique et m\u00e9rite des soins d&rsquo;exception et<br \/>une qualit\u00e9 de service irr\u00e9prochable. D\u00e9couvrez comment nous redonnons le sourire<br \/>\u00e0 nos clients gr\u00e2ce \u00e0 notre expertise en proth\u00e8se dentaire de pointe.<\/p>\t\t\t\t\t\t\t\t<\/div>\n\t\t\t\t<\/div>\n\t\t\t\t<div class=\"elementor-element elementor-element-2dd000a elementor-widget elementor-widget-elementskit-image-comparison\" data-id=\"2dd000a\" data-element_type=\"widget\" data-widget_type=\"elementskit-image-comparison.default\">\n\t\t\t\t<div class=\"elementor-widget-container\">\n\t\t\t\t\t<div class=\"ekit-wid-con\" >\n\t\t<div class=\"elementskit-image-comparison image-comparison-container\" data-offset=\"0.5\" data-overlay=\"\" data-label_after=\"After\" data-label_before=\"Before\" data-move_slider_on_hover=\"\" data-click_to_move=\"\">\n\t\t\t<img decoding=\"async\" src=\"https:\/\/ariellaboratoire.com\/wp-content\/uploads\/2024\/09\/PHOTO-2024-09-18-11-50-07-removebg-preview.png\" title=\"PHOTO-2024-09-18-11-50-07-removebg-preview\" alt=\"PHOTO-2024-09-18-11-50-07-removebg-preview\" loading=\"lazy\" \/><img decoding=\"async\" src=\"https:\/\/ariellaboratoire.com\/wp-content\/uploads\/2024\/09\/PHOTO-2024-09-18-11-50-07.jpg\" title=\"PHOTO-2024-09-18-11-50-07\" alt=\"PHOTO-2024-09-18-11-50-07\" loading=\"lazy\" \/>\t\t<\/div>\n\n\t<\/div>\t\t\t\t<\/div>\n\t\t\t\t<\/div>\n\t\t\t\t\t<\/div>\n\t\t\t\t<\/div>\n\t\t\t\t<\/div>\n\t\t","protected":false},"excerpt":{"rendered":"<p>VOS SOURIRES Chez Ariel Laboratoire, chaque patient est unique et m\u00e9rite des soins d&rsquo;exception etune qualit\u00e9 de service irr\u00e9prochable. D\u00e9couvrez comment nous redonnons le sourire\u00e0 nos clients gr\u00e2ce \u00e0 notre expertise en proth\u00e8se dentaire de pointe.<\/p>\n","protected":false},"author":1,"featured_media":0,"parent":0,"menu_order":0,"comment_status":"closed","ping_status":"closed","template":"elementor_header_footer","meta":{"footnotes":""},"class_list":["post-45","page","type-page","status-publish","hentry"],"_links":{"self":[{"href":"https:\/\/ariellaboratoire.com\/index.php?rest_route=\/wp\/v2\/pages\/45"}],"collection":[{"href":"https:\/\/ariellaboratoire.com\/index.php?rest_route=\/wp\/v2\/pages"}],"about":[{"href":"https:\/\/ariellaboratoire.com\/index.php?rest_route=\/wp\/v2\/types\/page"}],"author":[{"embeddable":true,"href":"https:\/\/ariellaboratoire.com\/index.php?rest_route=\/wp\/v2\/users\/1"}],"replies":[{"embeddable":true,"href":"https:\/\/ariellaboratoire.com\/index.php?rest_route=%2Fwp%2Fv2%2Fcomments&post=45"}],"version-history":[{"count":22,"href":"https:\/\/ariellaboratoire.com\/index.php?rest_route=\/wp\/v2\/pages\/45\/revisions"}],"predecessor-version":[{"id":747,"href":"https:\/\/ariellaboratoire.com\/index.php?rest_route=\/wp\/v2\/pages\/45\/revisions\/747"}],"wp:attachment":[{"href":"https:\/\/ariellaboratoire.com\/index.php?rest_route=%2Fwp%2Fv2%2Fmedia&parent=45"}],"curies":[{"name":"wp","href":"https:\/\/api.w.org\/{rel}","templated":true}]}}