{"id":33,"date":"2024-09-17T21:02:41","date_gmt":"2024-09-17T21:02:41","guid":{"rendered":"https:\/\/ariellaboratoire.com\/?page_id=33"},"modified":"2025-02-19T14:12:09","modified_gmt":"2025-02-19T14:12:09","slug":"notre-histoire","status":"publish","type":"page","link":"https:\/\/ariellaboratoire.com\/?page_id=33","title":{"rendered":"NOTRE HISTOIRE"},"content":{"rendered":"\t\t<div data-elementor-type=\"wp-page\" data-elementor-id=\"33\" class=\"elementor elementor-33\">\n\t\t\t\t<div class=\"wpr-jarallax elementor-element elementor-element-82d99dc wpr-jarallax-yes elementor-hidden-desktop elementor-hidden-tablet elementor-hidden-mobile e-flex e-con-boxed wpr-parallax-no wpr-sticky-section-no e-con e-parent\" speed-data=\"1.4\" bg-image=\"https:\/\/ariellaboratoire.com\/wp-content\/uploads\/2024\/09\/IMG_0004.jpg\" scroll-effect=\"scroll\" data-id=\"82d99dc\" data-element_type=\"container\">\n\t\t\t\t\t<div class=\"e-con-inner\">\n\t\t\t\t\t<\/div>\n\t\t\t\t<\/div>\n\t\t<div class=\"wpr-jarallax elementor-element elementor-element-b2bed9f wpr-jarallax-yes e-flex e-con-boxed wpr-parallax-no wpr-sticky-section-no e-con e-parent\" speed-data=\"1.4\" bg-image=\"https:\/\/ariellaboratoire.com\/wp-content\/plugins\/elementor\/assets\/images\/placeholder.png\" scroll-effect=\"scroll\" data-id=\"b2bed9f\" data-element_type=\"container\" data-settings=\"{&quot;background_background&quot;:&quot;classic&quot;}\">\n\t\t\t\t\t<div class=\"e-con-inner\">\n\t\t<div class=\"elementor-element elementor-element-3185765 e-con-full e-flex wpr-particle-no wpr-jarallax-no wpr-parallax-no wpr-sticky-section-no e-con e-child\" data-id=\"3185765\" data-element_type=\"container\">\n\t\t\t\t<div class=\"elementor-element elementor-element-e07886d elementor-widget elementor-widget-heading\" data-id=\"e07886d\" data-element_type=\"widget\" data-widget_type=\"heading.default\">\n\t\t\t\t<div class=\"elementor-widget-container\">\n\t\t\t\t\t<h2 class=\"elementor-heading-title elementor-size-default\">NOTRE HISTOIRE<\/h2>\t\t\t\t<\/div>\n\t\t\t\t<\/div>\n\t\t\t\t<div class=\"elementor-element elementor-element-e734c66 elementor-widget elementor-widget-text-editor\" data-id=\"e734c66\" data-element_type=\"widget\" data-widget_type=\"text-editor.default\">\n\t\t\t\t<div class=\"elementor-widget-container\">\n\t\t\t\t\t\t\t\t\t<p>D\u00e9couvrez Ariel Laboratoire, un laboratoire de proth\u00e8ses dentaires situ\u00e9 \u00e0 Netanya,<br \/>Isra\u00ebl, sp\u00e9cialis\u00e9 dans des prestations de haute qualit\u00e9. Gr\u00e2ce \u00e0 un savoir-faire reconnu<br \/>et \u00e0 l\u2019utilisation des derni\u00e8res technologies en proth\u00e8se dentaire, Ariel Laboratoire<br \/>garantit des solutions innovantes et durables pour chaque patient.<\/p>\t\t\t\t\t\t\t\t<\/div>\n\t\t\t\t<\/div>\n\t\t\t\t<div class=\"elementor-element elementor-element-90a4bb3 elementor-align-center animated-slow elementor-invisible elementor-widget elementor-widget-button\" data-id=\"90a4bb3\" data-element_type=\"widget\" data-settings=\"{&quot;_animation&quot;:&quot;fadeInUp&quot;}\" data-widget_type=\"button.default\">\n\t\t\t\t<div class=\"elementor-widget-container\">\n\t\t\t\t\t\t\t\t\t<div class=\"elementor-button-wrapper\">\n\t\t\t\t\t<a class=\"elementor-button elementor-button-link elementor-size-sm\" href=\"#\">\n\t\t\t\t\t\t<span class=\"elementor-button-content-wrapper\">\n\t\t\t\t\t\t\t\t\t<span class=\"elementor-button-text\">Voir la video<\/span>\n\t\t\t\t\t<\/span>\n\t\t\t\t\t<\/a>\n\t\t\t\t<\/div>\n\t\t\t\t\t\t\t\t<\/div>\n\t\t\t\t<\/div>\n\t\t\t\t<\/div>\n\t\t\t\t\t<\/div>\n\t\t\t\t<\/div>\n\t\t<div class=\"elementor-element elementor-element-2355605 e-flex e-con-boxed wpr-particle-no wpr-jarallax-no wpr-parallax-no wpr-sticky-section-no e-con e-parent\" data-id=\"2355605\" data-element_type=\"container\" data-settings=\"{&quot;background_background&quot;:&quot;classic&quot;}\">\n\t\t\t\t\t<div class=\"e-con-inner\">\n\t\t\t\t<div class=\"elementor-element elementor-element-40ae473 elementor-widget elementor-widget-heading\" data-id=\"40ae473\" data-element_type=\"widget\" data-widget_type=\"heading.default\">\n\t\t\t\t<div class=\"elementor-widget-container\">\n\t\t\t\t\t<h2 class=\"elementor-heading-title elementor-size-default\">Ariel laboratoire<\/h2>\t\t\t\t<\/div>\n\t\t\t\t<\/div>\n\t\t\t\t\t<\/div>\n\t\t\t\t<\/div>\n\t\t<div class=\"elementor-element elementor-element-2a8a3604 e-con-full e-flex wpr-particle-no wpr-jarallax-no wpr-parallax-no wpr-sticky-section-no e-con e-parent\" data-id=\"2a8a3604\" data-element_type=\"container\" data-settings=\"{&quot;background_background&quot;:&quot;classic&quot;}\">\n\t\t\t\t<div class=\"elementor-element elementor-element-2eea1c8a elementor-widget elementor-widget-elementskit-client-logo\" data-id=\"2eea1c8a\" data-element_type=\"widget\" data-widget_type=\"elementskit-client-logo.default\">\n\t\t\t\t<div class=\"elementor-widget-container\">\n\t\t\t\t\t<div class=\"ekit-wid-con\" >\t\t<div class=\"elementskit-clients-slider slider-dotted dot_dotted hover_from_top banner_logo_image\" data-config=\"{&quot;rtl&quot;:false,&quot;arrows&quot;:false,&quot;dots&quot;:true,&quot;autoplay&quot;:true,&quot;speed&quot;:1000,&quot;slidesPerView&quot;:2,&quot;slidesPerGroup&quot;:1,&quot;pauseOnHover&quot;:true,&quot;loop&quot;:false,&quot;breakpoints&quot;:{&quot;320&quot;:{&quot;slidesPerView&quot;:1,&quot;slidesPerGroup&quot;:1,&quot;spaceBetween&quot;:10},&quot;768&quot;:{&quot;slidesPerView&quot;:2,&quot;slidesPerGroup&quot;:1,&quot;spaceBetween&quot;:10},&quot;1024&quot;:{&quot;slidesPerView&quot;:2,&quot;slidesPerGroup&quot;:1,&quot;spaceBetween&quot;:15}}}\" data-direction=\"hover_from_top\">\n\t\t\t<div class=\"ekit-main-swiper swiper\">\n\t\t\t\t<div class=\"swiper-wrapper\">\n\t\t\t\t\t\t\t\t\t\t\t<div class=\"elementskit-client-slider-item swiper-slide \">\n\t\t\t\t\t\t\t<div class=\"swiper-slide-inner\">\n\t\t\t\t\t\t\t\t<div class=\"single-client image-switcher\" title=\"Title #1\">\n\t\t\t\t\t\t\t\t\t\t\t\t\t\t\t\t\t\t\t<div class=\"content-image\">\n\t\t\t\t\t\t\t\t\t\t\t<img fetchpriority=\"high\" decoding=\"async\" width=\"713\" height=\"229\" src=\"https:\/\/ariellaboratoire.com\/wp-content\/uploads\/2025\/01\/Opera-Instantane_2025-01-24_123214_ariellaboratoire.com_-1-e1737716845509.png\" class=\"\" alt=\"\" srcset=\"https:\/\/ariellaboratoire.com\/wp-content\/uploads\/2025\/01\/Opera-Instantane_2025-01-24_123214_ariellaboratoire.com_-1-e1737716845509.png 713w, https:\/\/ariellaboratoire.com\/wp-content\/uploads\/2025\/01\/Opera-Instantane_2025-01-24_123214_ariellaboratoire.com_-1-e1737716845509-300x96.png 300w\" sizes=\"(max-width: 713px) 100vw, 713px\" \/>\t\t\t\t\t\t\t\t\t\t<\/div>\n\t\t\t\t\t\t\t\t\t\t\t\t\t\t\t\t\t<\/div>\n\t\t\t\t\t\t\t<\/div>\n\t\t\t\t\t\t<\/div>\n\t\t\t\t\t\t\t\t\t\t\t<div class=\"elementskit-client-slider-item swiper-slide \">\n\t\t\t\t\t\t\t<div class=\"swiper-slide-inner\">\n\t\t\t\t\t\t\t\t<div class=\"single-client image-switcher\" title=\"Title #2\">\n\t\t\t\t\t\t\t\t\t\t\t\t\t\t\t\t\t\t\t<div class=\"content-image\">\n\t\t\t\t\t\t\t\t\t\t\t<img decoding=\"async\" width=\"688\" height=\"220\" src=\"https:\/\/ariellaboratoire.com\/wp-content\/uploads\/2025\/01\/Opera-Instantane_2025-01-24_125037_ariellaboratoire.com_-e1737716862360.png\" class=\"\" alt=\"\" srcset=\"https:\/\/ariellaboratoire.com\/wp-content\/uploads\/2025\/01\/Opera-Instantane_2025-01-24_125037_ariellaboratoire.com_-e1737716862360.png 688w, https:\/\/ariellaboratoire.com\/wp-content\/uploads\/2025\/01\/Opera-Instantane_2025-01-24_125037_ariellaboratoire.com_-e1737716862360-300x96.png 300w\" sizes=\"(max-width: 688px) 100vw, 688px\" \/>\t\t\t\t\t\t\t\t\t\t<\/div>\n\t\t\t\t\t\t\t\t\t\t\t\t\t\t\t\t\t<\/div>\n\t\t\t\t\t\t\t<\/div>\n\t\t\t\t\t\t<\/div>\n\t\t\t\t\t\t\t\t\t\t\t<div class=\"elementskit-client-slider-item swiper-slide \">\n\t\t\t\t\t\t\t<div class=\"swiper-slide-inner\">\n\t\t\t\t\t\t\t\t<div class=\"single-client image-switcher\" title=\"Title #3\">\n\t\t\t\t\t\t\t\t\t\t\t\t\t\t\t\t\t\t\t<div class=\"content-image\">\n\t\t\t\t\t\t\t\t\t\t\t<img decoding=\"async\" width=\"694\" height=\"216\" src=\"https:\/\/ariellaboratoire.com\/wp-content\/uploads\/2025\/01\/Opera-Instantane_2025-01-24_125047_ariellaboratoire.com_.png\" class=\"\" alt=\"\" srcset=\"https:\/\/ariellaboratoire.com\/wp-content\/uploads\/2025\/01\/Opera-Instantane_2025-01-24_125047_ariellaboratoire.com_.png 694w, https:\/\/ariellaboratoire.com\/wp-content\/uploads\/2025\/01\/Opera-Instantane_2025-01-24_125047_ariellaboratoire.com_-300x93.png 300w\" sizes=\"(max-width: 694px) 100vw, 694px\" \/>\t\t\t\t\t\t\t\t\t\t<\/div>\n\t\t\t\t\t\t\t\t\t\t\t\t\t\t\t\t\t<\/div>\n\t\t\t\t\t\t\t<\/div>\n\t\t\t\t\t\t<\/div>\n\t\t\t\t\t\t\t\t\t<\/div>\n\n\t\t\t\t\t\t\t\t\t<div class=\"swiper-pagination\"><\/div>\n\t\t\t\t\n\t\t\t\t\t\t\t<\/div><!-- .elementskit-clients-slider END -->\n\t\t<\/div>\n\t\t<\/div>\t\t\t\t<\/div>\n\t\t\t\t<\/div>\n\t\t\t\t<\/div>\n\t\t<div class=\"elementor-element elementor-element-ab8f74e elementor-hidden-desktop elementor-hidden-tablet elementor-hidden-mobile e-flex e-con-boxed wpr-particle-no wpr-jarallax-no wpr-parallax-no wpr-sticky-section-no e-con e-parent\" data-id=\"ab8f74e\" data-element_type=\"container\" data-settings=\"{&quot;background_background&quot;:&quot;classic&quot;}\">\n\t\t\t\t\t<div class=\"e-con-inner\">\n\t\t<div class=\"elementor-element elementor-element-b863f7e e-con-full e-flex wpr-particle-no wpr-jarallax-no wpr-parallax-no wpr-sticky-section-no e-con e-child\" data-id=\"b863f7e\" data-element_type=\"container\">\n\t\t<div class=\"elementor-element elementor-element-8fa1d8b e-con-full e-flex wpr-particle-no wpr-jarallax-no wpr-parallax-no wpr-sticky-section-no e-con e-child\" data-id=\"8fa1d8b\" data-element_type=\"container\" data-settings=\"{&quot;background_background&quot;:&quot;classic&quot;}\">\n\t\t\t\t<div class=\"elementor-element elementor-element-293b5e8 elementor-widget elementor-widget-image\" data-id=\"293b5e8\" data-element_type=\"widget\" data-widget_type=\"image.default\">\n\t\t\t\t<div class=\"elementor-widget-container\">\n\t\t\t\t\t\t\t\t\t\t\t\t\t\t\t<img loading=\"lazy\" decoding=\"async\" width=\"1024\" height=\"902\" src=\"https:\/\/ariellaboratoire.com\/wp-content\/uploads\/2024\/09\/IMG_0002-e1726606170348-1024x902.jpg\" class=\"attachment-large size-large wp-image-36\" alt=\"\" srcset=\"https:\/\/ariellaboratoire.com\/wp-content\/uploads\/2024\/09\/IMG_0002-e1726606170348-1024x902.jpg 1024w, https:\/\/ariellaboratoire.com\/wp-content\/uploads\/2024\/09\/IMG_0002-e1726606170348-300x264.jpg 300w, https:\/\/ariellaboratoire.com\/wp-content\/uploads\/2024\/09\/IMG_0002-e1726606170348-768x676.jpg 768w, https:\/\/ariellaboratoire.com\/wp-content\/uploads\/2024\/09\/IMG_0002-e1726606170348.jpg 1447w\" sizes=\"(max-width: 1024px) 100vw, 1024px\" \/>\t\t\t\t\t\t\t\t\t\t\t\t\t\t\t<\/div>\n\t\t\t\t<\/div>\n\t\t\t\t<div class=\"elementor-element elementor-element-886109d elementor-widget elementor-widget-text-editor\" data-id=\"886109d\" data-element_type=\"widget\" data-widget_type=\"text-editor.default\">\n\t\t\t\t<div class=\"elementor-widget-container\">\n\t\t\t\t\t\t\t\t\t<p>Depuis notre fondation \u00e0 Netanya, Isra\u00ebl, Ariel Laboratoire s\u2019est forg\u00e9 une r\u00e9putation d\u2019excellence dans l\u2019univers de la proth\u00e8se dentaire. Anim\u00e9s par une passion pour l\u2019innovation et un profond respect pour l\u2019artisanat, nous avons transform\u00e9 chaque \u00e9tape de notre parcours en une qu\u00eate constante de perfection.<\/p>\t\t\t\t\t\t\t\t<\/div>\n\t\t\t\t<\/div>\n\t\t\t\t<\/div>\n\t\t\t\t<\/div>\n\t\t<div class=\"elementor-element elementor-element-8986828 e-con-full e-flex wpr-particle-no wpr-jarallax-no wpr-parallax-no wpr-sticky-section-no e-con e-child\" data-id=\"8986828\" data-element_type=\"container\">\n\t\t<div class=\"elementor-element elementor-element-389aee2 e-con-full e-flex wpr-particle-no wpr-jarallax-no wpr-parallax-no wpr-sticky-section-no e-con e-child\" data-id=\"389aee2\" data-element_type=\"container\" data-settings=\"{&quot;background_background&quot;:&quot;classic&quot;}\">\n\t\t\t\t<div class=\"elementor-element elementor-element-a96c5fd elementor-widget elementor-widget-image\" data-id=\"a96c5fd\" data-element_type=\"widget\" data-widget_type=\"image.default\">\n\t\t\t\t<div class=\"elementor-widget-container\">\n\t\t\t\t\t\t\t\t\t\t\t\t\t\t\t<img loading=\"lazy\" decoding=\"async\" width=\"1024\" height=\"902\" src=\"https:\/\/ariellaboratoire.com\/wp-content\/uploads\/2024\/09\/IMG_0002-e1726606170348-1024x902.jpg\" class=\"attachment-large size-large wp-image-36\" alt=\"\" srcset=\"https:\/\/ariellaboratoire.com\/wp-content\/uploads\/2024\/09\/IMG_0002-e1726606170348-1024x902.jpg 1024w, https:\/\/ariellaboratoire.com\/wp-content\/uploads\/2024\/09\/IMG_0002-e1726606170348-300x264.jpg 300w, https:\/\/ariellaboratoire.com\/wp-content\/uploads\/2024\/09\/IMG_0002-e1726606170348-768x676.jpg 768w, https:\/\/ariellaboratoire.com\/wp-content\/uploads\/2024\/09\/IMG_0002-e1726606170348.jpg 1447w\" sizes=\"(max-width: 1024px) 100vw, 1024px\" \/>\t\t\t\t\t\t\t\t\t\t\t\t\t\t\t<\/div>\n\t\t\t\t<\/div>\n\t\t\t\t<div class=\"elementor-element elementor-element-bd17d15 elementor-widget elementor-widget-text-editor\" data-id=\"bd17d15\" data-element_type=\"widget\" data-widget_type=\"text-editor.default\">\n\t\t\t\t<div class=\"elementor-widget-container\">\n\t\t\t\t\t\t\t\t\t<p>De l\u2019int\u00e9gration des technologies les plus avanc\u00e9es \u00e0 l\u2019attention minutieuse port\u00e9e \u00e0 chaque d\u00e9tail, notre laboratoire se distingue par sa capacit\u00e9 \u00e0 allier tradition et modernit\u00e9. Chaque proth\u00e8se que nous cr\u00e9ons raconte une histoire : celle d\u2019un savoir-faire ma\u00eetris\u00e9 et d\u2019un engagement envers des solutions durables et sur mesure, con\u00e7ues pour am\u00e9liorer la vie de vos patients.<\/p>\t\t\t\t\t\t\t\t<\/div>\n\t\t\t\t<\/div>\n\t\t\t\t<\/div>\n\t\t\t\t<\/div>\n\t\t\t\t\t<\/div>\n\t\t\t\t<\/div>\n\t\t<div class=\"elementor-element elementor-element-7bb9486 elementor-hidden-desktop elementor-hidden-tablet elementor-hidden-mobile e-flex e-con-boxed wpr-particle-no wpr-jarallax-no wpr-parallax-no wpr-sticky-section-no e-con e-parent\" data-id=\"7bb9486\" data-element_type=\"container\" data-settings=\"{&quot;background_background&quot;:&quot;classic&quot;}\">\n\t\t\t\t\t<div class=\"e-con-inner\">\n\t\t<div class=\"elementor-element elementor-element-50d540a e-con-full e-flex wpr-particle-no wpr-jarallax-no wpr-parallax-no wpr-sticky-section-no e-con e-child\" data-id=\"50d540a\" data-element_type=\"container\">\n\t\t<div class=\"elementor-element elementor-element-f4abbff e-con-full e-flex wpr-particle-no wpr-jarallax-no wpr-parallax-no wpr-sticky-section-no e-con e-child\" data-id=\"f4abbff\" data-element_type=\"container\" data-settings=\"{&quot;background_background&quot;:&quot;classic&quot;}\">\n\t\t\t\t<div class=\"elementor-element elementor-element-c1fa84c elementor-widget__width-initial elementor-widget elementor-widget-image\" data-id=\"c1fa84c\" data-element_type=\"widget\" data-widget_type=\"image.default\">\n\t\t\t\t<div class=\"elementor-widget-container\">\n\t\t\t\t\t\t\t\t\t\t\t\t\t\t\t<img loading=\"lazy\" decoding=\"async\" width=\"1024\" height=\"902\" src=\"https:\/\/ariellaboratoire.com\/wp-content\/uploads\/2024\/09\/IMG_0002-e1726606170348-1024x902.jpg\" class=\"attachment-large size-large wp-image-36\" alt=\"\" srcset=\"https:\/\/ariellaboratoire.com\/wp-content\/uploads\/2024\/09\/IMG_0002-e1726606170348-1024x902.jpg 1024w, https:\/\/ariellaboratoire.com\/wp-content\/uploads\/2024\/09\/IMG_0002-e1726606170348-300x264.jpg 300w, https:\/\/ariellaboratoire.com\/wp-content\/uploads\/2024\/09\/IMG_0002-e1726606170348-768x676.jpg 768w, https:\/\/ariellaboratoire.com\/wp-content\/uploads\/2024\/09\/IMG_0002-e1726606170348.jpg 1447w\" sizes=\"(max-width: 1024px) 100vw, 1024px\" \/>\t\t\t\t\t\t\t\t\t\t\t\t\t\t\t<\/div>\n\t\t\t\t<\/div>\n\t\t\t\t<div class=\"elementor-element elementor-element-ec3dfbb elementor-widget elementor-widget-text-editor\" data-id=\"ec3dfbb\" data-element_type=\"widget\" data-widget_type=\"text-editor.default\">\n\t\t\t\t<div class=\"elementor-widget-container\">\n\t\t\t\t\t\t\t\t\t<p>Chez Ariel Laboratoire, nous croyons que chaque sourire a une histoire \u00e0 raconter \u2014 et nous sommes fiers de contribuer \u00e0 \u00e9crire la v\u00f4tre. Prenons rendez- vous ensemble.<\/p>\t\t\t\t\t\t\t\t<\/div>\n\t\t\t\t<\/div>\n\t\t\t\t<\/div>\n\t\t\t\t<\/div>\n\t\t\t\t\t<\/div>\n\t\t\t\t<\/div>\n\t\t<div class=\"elementor-element elementor-element-df3ddfe animated-slow e-flex e-con-boxed wpr-particle-no wpr-jarallax-no wpr-parallax-no wpr-sticky-section-no e-con e-parent\" data-id=\"df3ddfe\" data-element_type=\"container\" data-settings=\"{&quot;background_background&quot;:&quot;classic&quot;,&quot;animation&quot;:&quot;none&quot;}\">\n\t\t\t\t\t<div class=\"e-con-inner\">\n\t\t\t\t<div class=\"elementor-element elementor-element-7943743 elementor-widget__width-initial elementor-invisible elementor-widget elementor-widget-heading\" data-id=\"7943743\" data-element_type=\"widget\" data-settings=\"{&quot;_animation&quot;:&quot;fadeInUp&quot;}\" data-widget_type=\"heading.default\">\n\t\t\t\t<div class=\"elementor-widget-container\">\n\t\t\t\t\t<h2 class=\"elementor-heading-title elementor-size-default\">DEPUIS 2016<\/h2>\t\t\t\t<\/div>\n\t\t\t\t<\/div>\n\t\t\t\t<div class=\"elementor-element elementor-element-9a32b0d elementor-widget elementor-widget-text-editor\" data-id=\"9a32b0d\" data-element_type=\"widget\" data-widget_type=\"text-editor.default\">\n\t\t\t\t<div class=\"elementor-widget-container\">\n\t\t\t\t\t\t\t\t\t<p>Cr\u00e9e en 2016 par Lyor Checkroun, Ariel Laboratoire con\u00e7oit, fabrique et r\u00e8pare tout type de proth\u00e9se dentaire. L&rsquo;innovation et les nouvelles technologies sont au coeur de sa philosophie. Equip\u00e9 d&rsquo;un materiel de pointe,Ariel Laboratoire allie les outils digitaux derni\u00e8ere g\u00e9neration \u00e0 son savoir-faire \u00e0 la fran\u00e7aise pour proposer travail pr\u00e9cis et esth\u00e9tique.<\/p>\t\t\t\t\t\t\t\t<\/div>\n\t\t\t\t<\/div>\n\t\t\t\t<div class=\"elementor-element elementor-element-303026a elementor-invisible elementor-widget elementor-widget-image\" data-id=\"303026a\" data-element_type=\"widget\" data-settings=\"{&quot;_animation&quot;:&quot;fadeIn&quot;}\" data-widget_type=\"image.default\">\n\t\t\t\t<div class=\"elementor-widget-container\">\n\t\t\t\t\t\t\t\t\t\t\t\t\t\t\t<img loading=\"lazy\" decoding=\"async\" width=\"408\" height=\"612\" src=\"https:\/\/ariellaboratoire.com\/wp-content\/uploads\/2024\/09\/PHOTO-2024-09-18-11-50-07-removebg-preview.png\" class=\"attachment-large size-large wp-image-130\" alt=\"\" srcset=\"https:\/\/ariellaboratoire.com\/wp-content\/uploads\/2024\/09\/PHOTO-2024-09-18-11-50-07-removebg-preview.png 408w, https:\/\/ariellaboratoire.com\/wp-content\/uploads\/2024\/09\/PHOTO-2024-09-18-11-50-07-removebg-preview-200x300.png 200w\" sizes=\"(max-width: 408px) 100vw, 408px\" \/>\t\t\t\t\t\t\t\t\t\t\t\t\t\t\t<\/div>\n\t\t\t\t<\/div>\n\t\t\t\t\t<\/div>\n\t\t\t\t<\/div>\n\t\t\t\t<\/div>\n\t\t","protected":false},"excerpt":{"rendered":"<p>NOTRE HISTOIRE D\u00e9couvrez Ariel Laboratoire, un laboratoire de proth\u00e8ses dentaires situ\u00e9 \u00e0 Netanya,Isra\u00ebl, sp\u00e9cialis\u00e9 dans des prestations de haute qualit\u00e9. Gr\u00e2ce \u00e0 un savoir-faire reconnuet \u00e0 l\u2019utilisation des derni\u00e8res technologies en proth\u00e8se dentaire, Ariel Laboratoiregarantit des solutions innovantes et durables pour chaque patient. Voir la video Ariel laboratoire Depuis notre fondation \u00e0 Netanya, Isra\u00ebl, Ariel Laboratoire s\u2019est forg\u00e9 une r\u00e9putation d\u2019excellence dans l\u2019univers de la proth\u00e8se dentaire. Anim\u00e9s par une passion pour l\u2019innovation et un profond respect pour l\u2019artisanat, nous avons transform\u00e9 chaque \u00e9tape de notre parcours en une qu\u00eate constante de perfection. De l\u2019int\u00e9gration des technologies les plus avanc\u00e9es \u00e0 l\u2019attention minutieuse port\u00e9e \u00e0 chaque d\u00e9tail, notre laboratoire se distingue par sa capacit\u00e9 \u00e0 allier tradition et modernit\u00e9. Chaque proth\u00e8se que nous cr\u00e9ons raconte une histoire : celle d\u2019un savoir-faire ma\u00eetris\u00e9 et d\u2019un engagement envers des solutions durables et sur mesure, con\u00e7ues pour am\u00e9liorer la vie de vos patients. Chez Ariel Laboratoire, nous croyons que chaque sourire a une histoire \u00e0 raconter \u2014 et nous sommes fiers de contribuer \u00e0 \u00e9crire la v\u00f4tre. Prenons rendez- vous ensemble. DEPUIS 2016 Cr\u00e9e en 2016 par Lyor Checkroun, Ariel Laboratoire con\u00e7oit, fabrique et r\u00e8pare tout type de proth\u00e9se dentaire. L&rsquo;innovation et les nouvelles technologies sont au coeur de sa philosophie. Equip\u00e9 d&rsquo;un materiel de pointe,Ariel Laboratoire allie les outils digitaux derni\u00e8ere g\u00e9neration \u00e0 son savoir-faire \u00e0 la fran\u00e7aise pour proposer travail pr\u00e9cis et esth\u00e9tique.<\/p>\n","protected":false},"author":1,"featured_media":0,"parent":0,"menu_order":0,"comment_status":"closed","ping_status":"closed","template":"elementor_header_footer","meta":{"footnotes":""},"class_list":["post-33","page","type-page","status-publish","hentry"],"_links":{"self":[{"href":"https:\/\/ariellaboratoire.com\/index.php?rest_route=\/wp\/v2\/pages\/33"}],"collection":[{"href":"https:\/\/ariellaboratoire.com\/index.php?rest_route=\/wp\/v2\/pages"}],"about":[{"href":"https:\/\/ariellaboratoire.com\/index.php?rest_route=\/wp\/v2\/types\/page"}],"author":[{"embeddable":true,"href":"https:\/\/ariellaboratoire.com\/index.php?rest_route=\/wp\/v2\/users\/1"}],"replies":[{"embeddable":true,"href":"https:\/\/ariellaboratoire.com\/index.php?rest_route=%2Fwp%2Fv2%2Fcomments&post=33"}],"version-history":[{"count":172,"href":"https:\/\/ariellaboratoire.com\/index.php?rest_route=\/wp\/v2\/pages\/33\/revisions"}],"predecessor-version":[{"id":1042,"href":"https:\/\/ariellaboratoire.com\/index.php?rest_route=\/wp\/v2\/pages\/33\/revisions\/1042"}],"wp:attachment":[{"href":"https:\/\/ariellaboratoire.com\/index.php?rest_route=%2Fwp%2Fv2%2Fmedia&parent=33"}],"curies":[{"name":"wp","href":"https:\/\/api.w.org\/{rel}","templated":true}]}}